{"id":1375,"date":"2014-01-05T13:35:14","date_gmt":"2014-01-05T13:35:14","guid":{"rendered":"https:\/\/www.neimanbrasil.com.br\/principio\/"},"modified":"2024-03-18T16:48:21","modified_gmt":"2024-03-18T16:48:21","slug":"principio","status":"publish","type":"page","link":"https:\/\/www.neimanbrasil.com.br\/pt-br\/","title":{"rendered":"Princ\u00edpio"},"content":{"rendered":"<p><!--:es--><div class=\"slideshow\">\r\n\t\t\t\t<div><a href=\"#\"><img loading=\"lazy\" decoding=\"async\" src=\"https:\/\/www.neimanbrasil.com.br\/wp-content\/themes\/neiman\/images\/slideshow\/banner-1.jpg\" width=\"980\" height=\"280\" \/><\/a><\/div>\r\n\t\t\t\t<div><a href=\"#\"><img loading=\"lazy\" decoding=\"async\" src=\"https:\/\/www.neimanbrasil.com.br\/wp-content\/themes\/neiman\/images\/slideshow\/banner-2.jpg\" width=\"980\" height=\"280\" \/><\/a><\/div>\t\t\t\r\n\t\t\t<\/div><\/p>\n<div style=\"font-family: Ruda;\"><strong>Neiman Group \u00e9 um grupo produtor de mat\u00e9rias-primas estabelecido no Brasil, com uma voca\u00e7\u00e3o de expans\u00e3o internacional e objetivo de exportar min\u00e9rios para todo o mundo, principalmente para Am\u00e9rica e \u00c1sia<\/strong> \u00f3s queremos facilitar a comercializa\u00e7\u00e3o dos produtos b\u00e1sicos a uma escala adequada ao tamanho de nossos clientes, por isso oferecemos servi\u00e7os de valor agregado \u00e0 nossa produ\u00e7\u00e3o, disponibilizando assim, diferentes modelos de abastecimento Considere a Neiman Group como um parceiro estrat\u00e9gico para o desenvolvimento de sua empresa, que oferece solu\u00e7\u00f5es colaborativas que se adequam \u00e0s suas necessidades de neg\u00f3cio NEIMAN GROUP est\u00e1 formado por:<\/div>\n<ul>\n<li>NEIMAN PARA MINERAIS E METAIS LTDA (NEIMAN PARA)<\/li>\n<li>AMAZ\u00d4NIA METAIS E MINERAIS LTDA (AMAZONAS METALS)<\/li>\n<li>AMAZONAS METAIS MINERAIS BAH\u00cdA LTDA<\/li>\n<li>Contact Email: am@amazonasmetals.com<\/li>\n<\/ul>\n<h2 style=\"text-align: center;\"><span style=\"text-decoration: underline; color: #ff0000; font-family: Ruda;\"><span style=\"color: #ff0000; font-family: Ruda;\"><u><span style=\"color: #ff0000; font-family: Ruda;\">Neste momento vendemos minas com Estudo de Viabilidade \u2013 NI 43-101 Se voc\u00ea estiver interessado, entre em contato conosco pelo e-mail am@amazonasmetals.com.<\/span><\/u><\/span><\/span><\/h2>\n<div style=\"width: 198px;\" class=\"wp-video\"><video class=\"wp-video-shortcode\" id=\"video-1375-1\" width=\"198\" height=\"360\" preload=\"metadata\" controls=\"controls\"><source type=\"video\/mp4\" src=\"http:\/\/www.neimanbrasil.com.br\/wp-content\/uploads\/WhatsApp-Video-2023-02-27-at-13.47.45.mp4?_=1\" \/><a href=\"http:\/\/www.neimanbrasil.com.br\/wp-content\/uploads\/WhatsApp-Video-2023-02-27-at-13.47.45.mp4\">http:\/\/www.neimanbrasil.com.br\/wp-content\/uploads\/WhatsApp-Video-2023-02-27-at-13.47.45.mp4<\/a><\/video><\/div>\n<div style=\"width: 198px;\" class=\"wp-video\"><video class=\"wp-video-shortcode\" id=\"video-1375-2\" width=\"198\" height=\"360\" preload=\"metadata\" controls=\"controls\"><source type=\"video\/mp4\" src=\"https:\/\/www.neimanbrasil.com.br\/wp-content\/uploads\/VID-20180128-WA0019.mp4?_=2\" \/><a href=\"https:\/\/www.neimanbrasil.com.br\/wp-content\/uploads\/VID-20180128-WA0019.mp4\">https:\/\/www.neimanbrasil.com.br\/wp-content\/uploads\/VID-20180128-WA0019.mp4<\/a><\/video><\/div>\n<div style=\"width: 198px;\" class=\"wp-video\"><video class=\"wp-video-shortcode\" id=\"video-1375-3\" width=\"198\" height=\"360\" preload=\"metadata\" controls=\"controls\"><source type=\"video\/mp4\" src=\"https:\/\/www.neimanbrasil.com.br\/wp-content\/uploads\/VID-20180128-WA0006.mp4?_=3\" \/><a href=\"https:\/\/www.neimanbrasil.com.br\/wp-content\/uploads\/VID-20180128-WA0006.mp4\">https:\/\/www.neimanbrasil.com.br\/wp-content\/uploads\/VID-20180128-WA0006.mp4<\/a><\/video><\/div>\n<h2 style=\"text-align: center;\"><\/h2>\n<h2 style=\"text-align: center;\"><strong><span style=\"text-decoration: underline; color: #ff0000; font-family: Ruda;\">Solicite um or\u00e7amento personalizado em am@amazonasmetals.com<\/span><\/strong><\/h2>\n<div><\/div>\n<div style=\"font-family: Ruda;\">As mat\u00e9rias primas s\u00e3o os primeiros produtos sob o que foram realizadas transa\u00e7\u00f5es financeiras. \u00c9 um produto f\u00edsico que possui mesas de futuro e mesas de contado, com entrega f\u00edsica dos produtos, como \u00e9 o caso da nossa empresa. Sabemos que desde o momento que se assinam os contratos de compra e venda de mat\u00e9rias-primas at\u00e9 a entrega dos produtos acabados (lingotes) aos clientes finais, podem transcorrer 3 ou 4 meses, per\u00edodo em ocorrem flutua\u00e7\u00f5es nos pre\u00e7os, podendo arruinar uma opera\u00e7\u00e3o com \u00eaxito. Dentro da Neiman Group possu\u00edmos uma amplia experi\u00eancia na realiza\u00e7\u00e3o de transa\u00e7\u00f5es financeiras sob as mat\u00e9rias primas, assim como o aceso privilegiado as principais plataformas e mercados para realizar as mesmas. Como valor adicional nas transa\u00e7\u00f5es ofereceu aos nossos clientes, servi\u00e7os de consultoria e suporte para realiza\u00e7\u00e3o de estrat\u00e9gias de cobertura sob as posi\u00e7\u00f5es que nos comprometem em concentrado de cobre como em concentrado de ouro. Com essas opera\u00e7\u00f5es de cobertura (hedging entre contado e futuro) v\u00e3o se garantir o manter um pre\u00e7o constante no momento de realiza\u00e7\u00e3o do contrato\/ apertura dos instrumentos de pago at\u00e9 a chegada ao porto destino dos produtos e inclusive cobrir tudo o ciclo produtivo at\u00e9 a entrega do produto transformado ao cliente final. Esse tipo de estrat\u00e9gia v\u00e3o lhe assegurar a certeza sob os retornos por um custo financeiro m\u00ednimo. Neiman Group disp\u00f5e de numerosas minas em situa\u00e7\u00e3o de infra explora\u00e7\u00e3o ou parcialmente explorada. Em consequ\u00eancia oferecemos aos nossos clientes a possibilidade de investir no desarrolho das minas, pudendo dispor das mesmas em exclusividade o bem compartilhando. Neiman Group oferece descontos nas tarifas oficiais para contratos do longo prazo<\/div>\n<p><!--:--><\/p>\n<p><!--:--><\/p>\n<div style=\"font-family: Ruda;\"><\/div>\n<p><!--:--><\/p>\n","protected":false},"excerpt":{"rendered":"<p>Neiman Group \u00e9 um grupo produtor de mat\u00e9rias-primas estabelecido no Brasil, com uma voca\u00e7\u00e3o de expans\u00e3o internacional e objetivo de<a class=\"morelink\" href=\"https:\/\/www.neimanbrasil.com.br\/pt-br\/\">Ler mais:<\/a><\/p>\n","protected":false},"author":1,"featured_media":0,"parent":0,"menu_order":1,"comment_status":"open","ping_status":"closed","template":"","meta":{"footnotes":""},"class_list":["post-1375","page","type-page","status-publish","hentry"],"aioseo_notices":[],"_links":{"self":[{"href":"https:\/\/www.neimanbrasil.com.br\/pt-br\/wp-json\/wp\/v2\/pages\/1375","targetHints":{"allow":["GET"]}}],"collection":[{"href":"https:\/\/www.neimanbrasil.com.br\/pt-br\/wp-json\/wp\/v2\/pages"}],"about":[{"href":"https:\/\/www.neimanbrasil.com.br\/pt-br\/wp-json\/wp\/v2\/types\/page"}],"author":[{"embeddable":true,"href":"https:\/\/www.neimanbrasil.com.br\/pt-br\/wp-json\/wp\/v2\/users\/1"}],"replies":[{"embeddable":true,"href":"https:\/\/www.neimanbrasil.com.br\/pt-br\/wp-json\/wp\/v2\/comments?post=1375"}],"version-history":[{"count":3,"href":"https:\/\/www.neimanbrasil.com.br\/pt-br\/wp-json\/wp\/v2\/pages\/1375\/revisions"}],"predecessor-version":[{"id":1548,"href":"https:\/\/www.neimanbrasil.com.br\/pt-br\/wp-json\/wp\/v2\/pages\/1375\/revisions\/1548"}],"wp:attachment":[{"href":"https:\/\/www.neimanbrasil.com.br\/pt-br\/wp-json\/wp\/v2\/media?parent=1375"}],"curies":[{"name":"wp","href":"https:\/\/api.w.org\/{rel}","templated":true}]}}